{"id":131,"date":"2025-02-24T18:43:50","date_gmt":"2025-02-24T21:43:50","guid":{"rendered":"https:\/\/javierderderyan.com\/emprender\/?page_id=131"},"modified":"2026-03-24T15:33:25","modified_gmt":"2026-03-24T18:33:25","slug":"inicio-2","status":"publish","type":"page","link":"https:\/\/javierderderyan.com\/emprender\/","title":{"rendered":"INICIO RED"},"content":{"rendered":"<figure class=\"wp-block-image alignleft size-full is-resized\"><img loading=\"lazy\" decoding=\"async\" width=\"1024\" height=\"1024\" src=\"https:\/\/javierderderyan.com\/emprender\/wp-content\/uploads\/2025\/06\/ChatGPT-Image-Jun-11-2025-12_32_39-PM.png\" alt=\"\" class=\"wp-image-529\" style=\"width:322px;height:auto\" srcset=\"https:\/\/javierderderyan.com\/emprender\/wp-content\/uploads\/2025\/06\/ChatGPT-Image-Jun-11-2025-12_32_39-PM.png 1024w, https:\/\/javierderderyan.com\/emprender\/wp-content\/uploads\/2025\/06\/ChatGPT-Image-Jun-11-2025-12_32_39-PM-300x300.png 300w, https:\/\/javierderderyan.com\/emprender\/wp-content\/uploads\/2025\/06\/ChatGPT-Image-Jun-11-2025-12_32_39-PM-150x150.png 150w, https:\/\/javierderderyan.com\/emprender\/wp-content\/uploads\/2025\/06\/ChatGPT-Image-Jun-11-2025-12_32_39-PM-768x768.png 768w, https:\/\/javierderderyan.com\/emprender\/wp-content\/uploads\/2025\/06\/ChatGPT-Image-Jun-11-2025-12_32_39-PM-600x600.png 600w, https:\/\/javierderderyan.com\/emprender\/wp-content\/uploads\/2025\/06\/ChatGPT-Image-Jun-11-2025-12_32_39-PM-100x100.png 100w\" sizes=\"auto, (max-width: 1024px) 100vw, 1024px\" \/><\/figure><p>La RED de Emprender en Magia Met\u00f3dica est\u00e1 Abierta a <a href=\"https:\/\/javierderderyan.com\/emprender\/inscripcion-en-la-red\/\" data-type=\"page\" data-id=\"524\">Inscripci\u00f3n todos los meses! Puedes Utilizar los links Disponibles aqu\u00ed<\/a><\/p><p>PR\u00d3XIMAS REUNIONES: Ser\u00e1n enviadas las fechas por email!<br><br><strong>Con la Inscripci\u00f3n se accede a:<\/strong><\/p><ul class=\"wp-block-list\"><li>Las 2 Reuniones de Apertura, sin costo Extra<\/li>\n\n<li><strong>Las Reuniones mensuales que se Recorren en<\/strong><ul class=\"wp-block-list\"><li><em>   Polo Europa: Un Martes desde las 20:30 hs de Espa\u00f1a<\/em><\/li>\n\n<li><em>   Polo Am\u00e9rica: Un Jueves desde las 20:30hs de Argentina<\/em><\/li><\/ul><\/li>\n\n<li>Dispositivo En-Prendedor, de Integraci\u00f3n entre Participantes de la Red<\/li>\n\n<li>Oportunidades de Supervisi\u00f3n de Pitch Emprendedor<\/li>\n\n<li>Oportunidad de Supervisi\u00f3n Particular de Aplicaciones, de acuerdo al Nivel de Recorrido del Integrante.<\/li><\/ul>","protected":false},"excerpt":{"rendered":"<p>La RED de Emprender en Magia Met\u00f3dica est\u00e1 Abierta a Inscripci\u00f3n todos los meses! Puedes Utilizar los links Disponibles aqu\u00ed PR\u00d3XIMAS REUNIONES: Ser\u00e1n enviadas las fechas por email! Con la Inscripci\u00f3n se accede a:<\/p>\n","protected":false},"author":1,"featured_media":0,"parent":0,"menu_order":0,"comment_status":"closed","ping_status":"closed","template":"","meta":{"_bbp_topic_count":0,"_bbp_reply_count":0,"_bbp_total_topic_count":0,"_bbp_total_reply_count":0,"_bbp_voice_count":0,"_bbp_anonymous_reply_count":0,"_bbp_topic_count_hidden":0,"_bbp_reply_count_hidden":0,"_bbp_forum_subforum_count":0,"pmpro_default_level":"","footnotes":""},"categories":[],"tags":[],"class_list":["post-131","page","type-page","status-publish","hentry","pmpro-has-access"],"_links":{"self":[{"href":"https:\/\/javierderderyan.com\/emprender\/wp-json\/wp\/v2\/pages\/131","targetHints":{"allow":["GET"]}}],"collection":[{"href":"https:\/\/javierderderyan.com\/emprender\/wp-json\/wp\/v2\/pages"}],"about":[{"href":"https:\/\/javierderderyan.com\/emprender\/wp-json\/wp\/v2\/types\/page"}],"author":[{"embeddable":true,"href":"https:\/\/javierderderyan.com\/emprender\/wp-json\/wp\/v2\/users\/1"}],"replies":[{"embeddable":true,"href":"https:\/\/javierderderyan.com\/emprender\/wp-json\/wp\/v2\/comments?post=131"}],"version-history":[{"count":27,"href":"https:\/\/javierderderyan.com\/emprender\/wp-json\/wp\/v2\/pages\/131\/revisions"}],"predecessor-version":[{"id":1028,"href":"https:\/\/javierderderyan.com\/emprender\/wp-json\/wp\/v2\/pages\/131\/revisions\/1028"}],"wp:attachment":[{"href":"https:\/\/javierderderyan.com\/emprender\/wp-json\/wp\/v2\/media?parent=131"}],"wp:term":[{"taxonomy":"category","embeddable":true,"href":"https:\/\/javierderderyan.com\/emprender\/wp-json\/wp\/v2\/categories?post=131"},{"taxonomy":"post_tag","embeddable":true,"href":"https:\/\/javierderderyan.com\/emprender\/wp-json\/wp\/v2\/tags?post=131"}],"curies":[{"name":"wp","href":"https:\/\/api.w.org\/{rel}","templated":true}]}}